{"id":6,"date":"2021-01-18T10:16:27","date_gmt":"2021-01-18T09:16:27","guid":{"rendered":"http:\/\/blancherestaurant.com\/?page_id=6"},"modified":"2021-01-27T21:57:21","modified_gmt":"2021-01-27T20:57:21","slug":"le-nouveau-e-mucem-ouvre-ses-portes-2","status":"publish","type":"page","link":"https:\/\/blancherestaurant.com\/","title":{"rendered":"Blanche ouvre ses portes"},"content":{"rendered":"\n<div class=\"wp-block-group alignwide\"><div class=\"wp-block-group__inner-container\">\n<h2 class=\"has-text-align-center\">Horaires:<\/h2>\n\n\n\n<p>Mercredi  : 12h-15h<\/p>\n\n\n\n<p>Jeudi : 12h-15h<\/p>\n\n\n\n<p>Vendredi : 12h-21h30<\/p>\n\n\n\n<p>Samedi : 12h-21h30<\/p>\n\n\n\n<p>Dimanche : 12h-15h<\/p>\n\n\n\n<p>COMMANDE AU <a href=\"tel:+33 1 42 63 49 23\">+33 1 42 63 49 23<\/a><\/p>\n\n\n\n<blockquote class=\"wp-block-quote\"><p><strong>CARTE<\/strong><\/p><\/blockquote>\n<\/div><\/div>\n\n\n\n<div class=\"wp-block-columns alignwide\">\n<div class=\"wp-block-column\">\n<div class=\"wp-block-group\"><div class=\"wp-block-group__inner-container\">\n<div class=\"wp-block-group\"><div class=\"wp-block-group__inner-container\">\n<figure class=\"wp-block-image size-large\"><img loading=\"lazy\" width=\"616\" height=\"857\" src=\"https:\/\/blancherestaurant.com\/wp-content\/uploads\/2021\/01\/PIZZABLANCHE-little-2.jpg\" alt=\"\" class=\"wp-image-45\" srcset=\"https:\/\/blancherestaurant.com\/wp-content\/uploads\/2021\/01\/PIZZABLANCHE-little-2.jpg 616w, https:\/\/blancherestaurant.com\/wp-content\/uploads\/2021\/01\/PIZZABLANCHE-little-2-216x300.jpg 216w\" sizes=\"(max-width: 616px) 100vw, 616px\" \/><\/figure>\n<\/div><\/div>\n<\/div><\/div>\n<\/div>\n\n\n\n<div class=\"wp-block-column\">\n<p>Entr\u00e9es<\/p>\n\n\n\n<ul><li>Burrata<\/li><li><em>Laitue, burrata, tomates cerises confites, vinaigrette maison, copeaux de parmesan, huile au basilic<\/em>&nbsp;9.00<\/li><\/ul>\n\n\n\n<ul><li>Ch\u00e8vres pan\u00e9s<\/li><li><em>Ch\u00e8vres pan\u00e9s maison, tomates cerises confites maison, roquette, vinaigrette maison<\/em>&nbsp;8.00<\/li><\/ul>\n\n\n\n<ul><li>Camemberts pan\u00e9s<\/li><li><em>Camemberts pan\u00e9s maison, tomates cerises confites maison, roquette, vinaigrette maison<\/em>&nbsp;8.00&nbsp;<\/li><\/ul>\n\n\n\n<p>Pizza&nbsp;<\/p>\n\n\n\n<p>&#8211; La Belle Marguerite (La Margherita) 11.90<\/p>\n\n\n\n<p><em>Sauce tomate maison mijot\u00e9e, basilic frais, mozzarella, parmesan DOP, huile marin\u00e9e maison<\/em><\/p>\n\n\n\n<p>&#8211; La Cornemuse (La Calzone) 11.90<\/p>\n\n\n\n<p><em>Sauce tomate maison mijot\u00e9e, jambon Prince de Paris, \u0153uf, mozzarella, parmesan DOP, huile marin\u00e9e maison<\/em><\/p>\n\n\n\n<p>&#8211; Ranavalona III (La Reine) 12.90&nbsp;<\/p>\n\n\n\n<p><em>Sauce tomate maison mijot\u00e9e, jambon Prince de Paris, champignon de paris, mozzarella, parmesan DOP, huile marin\u00e9e maison<\/em><\/p>\n\n\n\n<p>&#8211; La Marguerite et le Buffle (Burrata) 12.90<\/p>\n\n\n\n<p><em>Sauce tomate maison mijot\u00e9e, burrata, roquette, mozzarella, parmesan DOP, huile marin\u00e9e maison<\/em><\/p>\n\n\n\n<p>&#8211; La Fourmidable (La Quatre fromages) 12.90<\/p>\n\n\n\n<p><em>Sauce tomate maison mijot\u00e9e, mozzarella, parmesan DOP, bleu d\u2019Auvergne AOP, ch\u00e8vre AOP, huile marin\u00e9e maison<\/em><\/p>\n\n\n\n<p>&#8211; L\u2019As de truffe (Aux c\u00e8pes et cr\u00e8me de truffes) 14.90<\/p>\n\n\n\n<p><em>Cr\u00e8me de truffes et c\u00e8pes, champignon de paris, mozzarella, roquette, parmesan DOP, huile marin\u00e9e maison <\/em><\/p>\n\n\n\n<p>Desserts<\/p>\n\n\n\n<ul><li>Tiramisu maison 7.00<\/li><li>Moelleux au chocolat maison 7.00<\/li><\/ul>\n<\/div>\n<\/div>\n\n\n\n<div class=\"wp-block-group alignwide\"><div class=\"wp-block-group__inner-container\"><\/div><\/div>\n\n\n\n<p><\/p>\n\n\n\n<figure class=\"wp-block-gallery alignwide columns-0 is-cropped\"><ul class=\"blocks-gallery-grid\"><\/ul><\/figure>\n","protected":false},"excerpt":{"rendered":"<p>Entr\u00e9es Burrata Laitue, burrata, tomates cerises confites, vinaigrette maison, copeaux de parmesan, huile au basilic&nbsp;9.00 Ch\u00e8vres pan\u00e9s Ch\u00e8vres pan\u00e9s maison, tomates cerises confites maison, roquette, vinaigrette maison&nbsp;8.00 Camemberts pan\u00e9s Camemberts pan\u00e9s maison, tomates cerises confites maison, roquette, vinaigrette maison&nbsp;8.00&nbsp; Pizza&nbsp; &#8211; La Belle Marguerite (La Margherita) 11.90 Sauce tomate maison mijot\u00e9e, basilic frais, mozzarella, parmesan [&hellip;]<\/p>\n","protected":false},"author":1,"featured_media":0,"parent":0,"menu_order":0,"comment_status":"closed","ping_status":"closed","template":"","meta":[],"_links":{"self":[{"href":"https:\/\/blancherestaurant.com\/index.php\/wp-json\/wp\/v2\/pages\/6"}],"collection":[{"href":"https:\/\/blancherestaurant.com\/index.php\/wp-json\/wp\/v2\/pages"}],"about":[{"href":"https:\/\/blancherestaurant.com\/index.php\/wp-json\/wp\/v2\/types\/page"}],"author":[{"embeddable":true,"href":"https:\/\/blancherestaurant.com\/index.php\/wp-json\/wp\/v2\/users\/1"}],"replies":[{"embeddable":true,"href":"https:\/\/blancherestaurant.com\/index.php\/wp-json\/wp\/v2\/comments?post=6"}],"version-history":[{"count":8,"href":"https:\/\/blancherestaurant.com\/index.php\/wp-json\/wp\/v2\/pages\/6\/revisions"}],"predecessor-version":[{"id":50,"href":"https:\/\/blancherestaurant.com\/index.php\/wp-json\/wp\/v2\/pages\/6\/revisions\/50"}],"wp:attachment":[{"href":"https:\/\/blancherestaurant.com\/index.php\/wp-json\/wp\/v2\/media?parent=6"}],"curies":[{"name":"wp","href":"https:\/\/api.w.org\/{rel}","templated":true}]}}